{"id":38,"date":"2019-12-10T18:43:41","date_gmt":"2019-12-10T17:43:41","guid":{"rendered":"http:\/\/www.oneiron.org\/?page_id=38"},"modified":"2020-10-06T00:18:23","modified_gmt":"2020-10-05T22:18:23","slug":"henryk-waniek","status":"publish","type":"page","link":"https:\/\/www.oneiron.pl\/index.php\/oneiron\/henryk-waniek\/","title":{"rendered":"Henryk Waniek"},"content":{"rendered":"\n<p>Henryk Waniek (ur. 4 marca 1942 w O\u015bwi\u0119cimiu) \u2013 \u015bl\u0105ski malarz i grafik, pisarz i publicysta, krytyk artystyczny i literacki.<\/p>\n\n\n\n<p>Do Katowic przeni\u00f3s\u0142 si\u0119 z rodzicami w 1945 roku. Po uko\u0144czeniu w 1955 r. Szko\u0142y Podstawowej nr 4 w Katowicach, nauk\u0119 kontynuowa\u0142 w V Liceum Og\u00f3lnokszta\u0142c\u0105cym w Katowicach (1955\u20131957) oraz w Pa\u0144stwowym Liceum Sztuk Plastycznych w Katowicach gdzie te\u017c w roku 1962 zda\u0142 matur\u0119. Po maturze pracowa\u0142 przez rok w Domu Ksi\u0105\u017cki w Katowicach. W roku 1964 rozpocz\u0105\u0142 studia na Akademii Sztuk Pi\u0119knych w Krakowie, Wydzia\u0142 Grafiki w Katowicach. W latach 1965\u20131966 by\u0142 hospitantem na Wydziale Historii Sztuki Uniwersytetu Jagiello\u0144skiego. <\/p>\n\n\n\n<p>Zaanga\u017cowany by\u0142 r\u00f3wnie\u017c w dzia\u0142alno\u015b\u0107 za\u0142o\u017conego przez Antoniego Halora DKF \u201eKino-oko\u201d, kt\u00f3rego prezesem zosta\u0142 w roku 1966. Wcze\u015bniej ju\u017c pozna\u0142 tam tak\u017ce Andrzeja Urbanowicza i Urszul\u0119 Broll. <\/p>\n\n\n\n<p>W latach 60. i 70. opr\u00f3cz prac w kr\u0119gu grupy Oneiron wydawa\u0142 wraz z A. Urbanowiczem (w dw\u00f3ch egzemplarzach) kr\u0105\u017c\u0105cy po domach i pracowniach malarskich periodyk zatytu\u0142owany Nowe Bezpretensjonalne Pismo \u015awi\u0119te w Obrazkach. Mia\u0142 on form\u0119 teczki, do kt\u00f3rej H. Waniek z A. Urbanowiczem wk\u0142adali r\u0119kopisy, maszynopisy, rysunki, fotografie, nagrania.<\/p>\n\n\n\n<p>W roku 1970 uzyska\u0142 dyplom z plakatu u prof. Tadeusza Grabowskiego oraz grafiki artystycznej u prof. Andrzeja Pietscha. Po studiach kr\u00f3tko pracowa\u0142 w Pa\u0144stwowym Liceum Sztuk Plastycznych w Katowicach jako nauczyciel sztuki oraz w Zak\u0142adzie Sztuki cieszy\u0144skiej filii Uniwersytetu \u015al\u0105skiego (1976\u20131978) w charakterze wyk\u0142adowcy.<\/p>\n\n\n\n<p>W roku 1976 by\u0142 stypendyst\u0105 Rz\u0105du W\u0142oskiego na pobyt we Florencji, natomiast w latach 1976\u20131977 otrzyma\u0142 stypendium Fundacji Ko\u015bciuszkowskiej (The Kosciuszko Foundation) w Nowym Jorku. 23 sierpnia 1980 roku do\u0142\u0105czy\u0142 do apelu 64 uczonych, pisarzy i publicyst\u00f3w do w\u0142adz komunistycznych o podj\u0119cie dialogu ze strajkuj\u0105cymi robotnikami. Od 1980 r. mieszka i tworzy w Brwinowie pod Warszaw\u0105.<\/p>\n\n\n\n<p>Henryk Waniek jest malarzem surrealist\u0105. Realizuje swoje wizje w tradycyjnym malarstwie olejnym, zajmuje si\u0119 r\u00f3wnie\u017c rysowaniem, grafik\u0105 wydawnicz\u0105 i plakatem oraz sporadycznie scenografi\u0105 do sztuk teatralnych. Cz\u0119sto komponuje symetryczne i koncentryczne obrazy z tradycyjnych atrybut\u00f3w magii: okien, kielich\u00f3w, drabin, diab\u0142\u00f3w, t\u0119czy, spadaj\u0105cych gwiazd. Prace jego s\u0105 pe\u0142ne s\u0105 symboliki, alegorii i metafor. Odbiorca jego obraz\u00f3w jest wprowadzany w nadrealny \u015bwiat, po kt\u00f3rym autor wiedzie go tropem historii, filozofii i alchemii. Prace \u015bl\u0105skiego artysty eksponowane by\u0142y na ponad 100 wystawach zbiorowych; jest r\u00f3wnie\u017c autorem ponad 100 wystaw indywidualnych.<\/p>\n\n\n\n<p>Henryk Waniek jest tak\u017ce pisarzem i znawc\u0105 historii, filozofii, religioznawstwa i literatury mistycznej. Jest tw\u00f3rc\u0105 kilku ksi\u0105\u017cek eseistycznych. Pisze drobne utwory literackie, uprawia krytyk\u0119 artystyczn\u0105. Od 1971 roku publikuje w czasopismach kulturalnych i literackich. Jego tw\u00f3rczo\u015b\u0107 pisarska jest odbiciem jego fascynacji i zainteresowa\u0144 ezoterycznych i historiozoficznych zwi\u0105zanych ze \u015al\u0105skiem, wpisanych w skomplikowane dzieje tych ziem.<\/p>\n\n\n\n<p>Prace artysty od roku 1967 s\u0105 praktycznie nieustannie prezentowane na wszystkich licz\u0105cych si\u0119 wystawach sztuki wsp\u00f3\u0142czesnej, tak w kraju, jak i za granic\u0105. Wystawy indywidualne wielokrotnie w Galerii Zapiecek w Warszawie, w Bratys\u0142awie, Katowicach, Krakowie oraz jednorazowo w Berlinie, D\u00fcsseldorfie, Bielsku-Bia\u0142ej, Jaworznie, Jeleniej G\u00f3rze, Kielcach, K\u0142odzku, Lipsku, Lublinie, \u0141odzi, Olsztynie, P\u0142ocku, Poznaniu, Szczecinie, Toruniu, Wa\u0142brzychu, Wroc\u0142awiu, Zamo\u015bciu.<\/p>\n\n\n\n<p>Udzia\u0142 w wystawach zbiorowych wielokrotnie w Berlinie, Cz\u0119stochowie, Jeleniej G\u00f3rze, Katowicach, Szczecinie i Warszawie a tak\u017ce jednorazowo w Baltimore, Brukseli, Darmstadt, Dortmundzie, D\u00fcsseldorfie, Essen, Hamburgu, Kilonii, Kladnie, Kolonii, Krakowie, Londynie, Lyonie, Malm\u00f6, Menton, Monachium, Ostrawie, Pary\u017cu, Santa Barbara, Sztokholmie, Trewirze, Toruniu, Wiedniu i Zakopanem.<\/p>\n\n\n\n<p>Prace artysty posiadaj\u0105 Muzeum Narodowe w Krakowie, Muzeum Narodowe w Warszawie, Muzeum Narodowe w Poznaniu, Muzeum Narodowe w Gda\u0144sku, Muzeum Narodowe w Szczecinie, Muzeum Narodowe w Kielcach, Muzeum \u015al\u0105skie w Katowicach, Muzeum G\u00f3rno\u015bl\u0105skie w Bytomiu, Muzeum Lubelskie w Lublinie, Muzeum Okr\u0119gowe w Toruniu, Muzeum w Wa\u0142brzychu, Muzeum Okr\u0119gowe im. Leona Wycz\u00f3\u0142kowskiego w Bydgoszczy, Muzeum Ziemi K\u0142odzkiej, Muzeum w Gliwicach, Muzeum Karkonoskie w Jeleniej G\u00f3rze, Muzeum w Chorzowie, Muzeum Miejskie w Siemianowicach \u015al\u0105skich, Muzeum Miejskie w Zabrzu, Landskrona Museum (Szwecja), Muzeum Polskie w Rapperswilu (Szwajcaria), Marble Gallery (Londyn), The Kosciusko Foundation, (Nowy Jork). Dzie\u0142a artysty znajduj\u0105 si\u0119 tak\u017ce w publicznych i prywatnych kolekcjach w Polsce, Anglii, Belgii, Francji, Holandii, Japonii, Kanadzie, Niemczech, Szwecji, USA, W\u0142oszech i innych krajach.<\/p>\n\n\n\n<p>Henryk Waniek podobnie jak w swoim malarstwie, r\u00f3wnie\u017c w literaturze w\u0119druje razem z czytelnikiem po historii, filozofii, alchemii. Jego tw\u00f3rczo\u015b\u0107 literacka, w szczeg\u00f3lno\u015bci eseje, pe\u0142na jest alegorii i metafor. Autor wci\u0105\u017c pyta, w\u0105tpi, por\u00f3wnuje, wraca do przesz\u0142o\u015bci. Artysta jest bardzo p\u0142odnym pisarzem, eseist\u0105 i krytykiem literackim. Od 1971 roku publikowa\u0142 w takich czasopismach literackich i kulturalnych jak:\u201eDialog\u201d, \u201eCharaktery\u201d, \u201eLiteratura na \u015awiecie\u201d, \u201eNa G\u0142os\u201d, \u201eOdra\u201d, \u201eOpcje\u201d, \u201eProjekt\u201d, \u201ePrzegl\u0105d Polityczny\u201d, \u201eRegiony\u201d, \u201eSycyna\u201d[3], \u201e\u015al\u0105sk\u201d, \u201eTw\u00f3rczo\u015b\u0107\u201d, \u201eTygodnik Powszechny\u201d, \u201eWi\u0119\u017a\u201d i \u201eZnak\u201d. Swoje felietony zamieszcza\u0142 r\u00f3wnie\u017c w \u201eDzienniku Zachodnim\u201d i \u201eGazecie Wyborczej\u201d. Jest tw\u00f3rc\u0105 lub wsp\u00f3\u0142tw\u00f3rc\u0105 licznych katalog\u00f3w wystaw artystycznych.<\/p>\n","protected":false},"excerpt":{"rendered":"<p>Henryk Waniek (ur. 4 marca 1942 w O\u015bwi\u0119cimiu) \u2013 \u015bl\u0105ski malarz i grafik, pisarz i publicysta, krytyk artystyczny i literacki. Do Katowic przeni\u00f3s\u0142 si\u0119 z rodzicami w 1945 roku. Po uko\u0144czeniu w 1955 r. Szko\u0142y Podstawowej nr 4 w Katowicach, nauk\u0119 kontynuowa\u0142 w V Liceum Og\u00f3lnokszta\u0142c\u0105cym w Katowicach (1955\u20131957) oraz w Pa\u0144stwowym Liceum Sztuk Plastycznych&#8230; <\/p>\n<div class=\"read-more navbutton\"><a href=\"https:\/\/www.oneiron.pl\/index.php\/oneiron\/henryk-waniek\/\">Read More<i class=\"fa fa-angle-double-right\"><\/i><\/a><\/div>\n","protected":false},"author":1,"featured_media":0,"parent":2,"menu_order":0,"comment_status":"closed","ping_status":"closed","template":"","meta":{"footnotes":""},"class_list":["post-38","page","type-page","status-publish","hentry"],"_links":{"self":[{"href":"https:\/\/www.oneiron.pl\/index.php\/wp-json\/wp\/v2\/pages\/38","targetHints":{"allow":["GET"]}}],"collection":[{"href":"https:\/\/www.oneiron.pl\/index.php\/wp-json\/wp\/v2\/pages"}],"about":[{"href":"https:\/\/www.oneiron.pl\/index.php\/wp-json\/wp\/v2\/types\/page"}],"author":[{"embeddable":true,"href":"https:\/\/www.oneiron.pl\/index.php\/wp-json\/wp\/v2\/users\/1"}],"replies":[{"embeddable":true,"href":"https:\/\/www.oneiron.pl\/index.php\/wp-json\/wp\/v2\/comments?post=38"}],"version-history":[{"count":2,"href":"https:\/\/www.oneiron.pl\/index.php\/wp-json\/wp\/v2\/pages\/38\/revisions"}],"predecessor-version":[{"id":221,"href":"https:\/\/www.oneiron.pl\/index.php\/wp-json\/wp\/v2\/pages\/38\/revisions\/221"}],"up":[{"embeddable":true,"href":"https:\/\/www.oneiron.pl\/index.php\/wp-json\/wp\/v2\/pages\/2"}],"wp:attachment":[{"href":"https:\/\/www.oneiron.pl\/index.php\/wp-json\/wp\/v2\/media?parent=38"}],"curies":[{"name":"wp","href":"https:\/\/api.w.org\/{rel}","templated":true}]}}