{"id":36,"date":"2019-12-10T18:43:22","date_gmt":"2019-12-10T17:43:22","guid":{"rendered":"http:\/\/www.oneiron.org\/?page_id=36"},"modified":"2020-12-12T11:53:32","modified_gmt":"2020-12-12T10:53:32","slug":"andrzej-urbanowicz","status":"publish","type":"page","link":"https:\/\/www.oneiron.pl\/index.php\/oneiron\/andrzej-urbanowicz\/","title":{"rendered":"Andrzej Urbanowicz"},"content":{"rendered":"\n<figure class=\"wp-block-image size-large\"><img loading=\"lazy\" decoding=\"async\" width=\"682\" height=\"1024\" src=\"http:\/\/www.oneiron.org\/wp-content\/uploads\/2020\/12\/aurbanowicz-682x1024.jpg\" alt=\"\" class=\"wp-image-229\" srcset=\"https:\/\/www.oneiron.pl\/wp-content\/uploads\/2020\/12\/aurbanowicz-682x1024.jpg 682w, https:\/\/www.oneiron.pl\/wp-content\/uploads\/2020\/12\/aurbanowicz-200x300.jpg 200w, https:\/\/www.oneiron.pl\/wp-content\/uploads\/2020\/12\/aurbanowicz-768x1153.jpg 768w, https:\/\/www.oneiron.pl\/wp-content\/uploads\/2020\/12\/aurbanowicz-1023x1536.jpg 1023w, https:\/\/www.oneiron.pl\/wp-content\/uploads\/2020\/12\/aurbanowicz.jpg 1184w\" sizes=\"auto, (max-width: 682px) 100vw, 682px\" \/><\/figure>\n\n\n\n<p>Andrzej Urbanowicz by\u0142 polskim malarzem, grafikiem, tw\u00f3rc\u0105 parateatralnym i performerem. Urodzi\u0142 si\u0119 w 1938 roku w Wilnie. W 1962 roku uzyska\u0142 dyplom Akademii Sztuk Pi\u0119knych w Krakowie gdzie studiowa\u0142 od 1956 roku (od 1958 w filii macierzystej uczelni w Katowicach). W 1963 roku debiutowa\u0142 wystaw\u0105 indywidualn\u0105 w galerii Krzywe Ko\u0142o prowadzonej przez Mariana Bogusza. Na wystawie pokazane zosta\u0142y obrazy malarstwa materii powsta\u0142e na pocz\u0105tku lat sze\u015b\u0107dziesi\u0105tych. W tym czasie wzi\u0105\u0142 te\u017c udzia\u0142 w pierwszym \u201ePlenerze w Osiekach\u201d i innych dzia\u0142aniach animowanych przez Bogusza. Od roku 1964 stopniowo odszed\u0142 od malarstwa materii w stron\u0119 wyobra\u017ce\u0144 symbolicznych. Podj\u0105\u0142 te\u017c studia nad ezoteryk\u0105 zachodni\u0105 i symbolologi\u0105. <\/p>\n\n\n\n<p>W latach sze\u015b\u0107dziesi\u0105tych i z pocz\u0105tkiem lat siedemdziesi\u0105tych zajmowa\u0142 si\u0119 animacj\u0105 niezale\u017cnego \u017cycia artystycznego (m.in. Galeria \u015al\u0105ska, Galeria Katowice, trzy Katowickie Spotkania Tw\u00f3rc\u00f3w i Teoretyk\u00f3w Sztuki). W tym czasie wsp\u00f3lnie z innymi cz\u0142onkami Kr\u0119gu Oneiron, a w szczeg\u00f3lno\u015bci z Henrykiem Wa\u0144kiem podejmowa\u0142 dzia\u0142ania artystyczne, translatorskie i wydawnicze w nieoficjalnym obiegu.<br>W latach siedemdziesi\u0105tych zajmowa\u0142 si\u0119 podziemn\u0105 dzia\u0142alno\u015bci\u0105 wydawnicz\u0105 zwi\u0105zan\u0105 z buddyzmem, w 1974 roku wraz z Urszul\u0105 Broll za\u0142o\u017cy\u0142 pierwsz\u0105 wsp\u00f3lnot\u0119 Zen w Polsce. W roku 1978 wyjecha\u0142 do Stan\u00f3w Zjednoczonych, rok p\u00f3\u017aniej uzyska\u0142 stypendium Fundacji Ko\u015bciuszkowskiej. Z pocz\u0105tkiem stanu wojennego, podobnie jak inni cz\u0142onkowie Oneironu aktywnie wspiera\u0142 dzia\u0142ania \u201eSolidarno\u015bci\u201d. Do 1991 roku mia\u0142 dziewi\u0119\u0107 wystaw indywidualnych w Stanach Zjednoczonych.<\/p>\n\n\n\n<p>W ko\u0144cu 1991 roku powr\u00f3ci\u0142 z emigracji, przywo\u017c\u0105c du\u017cy cykl obraz\u00f3w nawi\u0105zuj\u0105cych do wcze\u015bniejszego okresu psychodelicznego lat 60\/70 XX wieku i do estetyki bizarre. W 1992 roku mia\u0142 miejsce wielki pokaz retrospektywny tw\u00f3rczo\u015bci w BWA Katowice, tam r\u00f3wnie\u017c w roku 2000 odby\u0142a si\u0119 wystawa Splendor Solis, na kt\u00f3rej prezentowa\u0142 nowe cykle malarskie. Od 2007 roku do ko\u0144ca \u017cycia kontynuowa\u0142 cykl Listy do Eris, w kt\u00f3rym odwo\u0142uj\u0105c si\u0119 do malarstwa gestu tworzy\u0142 zagadkowe struktury talizmaniczne. Uprawia\u0142 eseistyk\u0119 na pograniczach sztuki i teorii kultury. W 2009 roku prowadzi\u0142 wyk\u0142ady na ten temat w G\u00f3rno\u015bl\u0105skim Centrum Kultury w Katowicach. By\u0142 za\u0142o\u017cycielem i prezesem powsta\u0142ego w 2000 roku Towarzystwa Bellmer, kultywuj\u0105cego tradycje surrealistyczne, kt\u00f3rym kierowa\u0142 wsp\u00f3lnie z Ma\u0142gorzat\u0105 Borowsk\u0105.<\/p>\n\n\n\n<p>Andrzej Urbanowicz zmar\u0142 22 sierpnia 2011 roku w Szklarskiej Por\u0119bie. Uhonorowany zosta\u0142 w Katowicach pomnikiem w Galerii Artystycznej.<\/p>\n\n\n\n<p>Prace artysty posiadaj\u0105 w swoich zbiorach: Muzeum Narodowe w Warszawie, Muzeum Narodowe w Poznaniu, Muzeum \u015al\u0105skie w Katowicach, Muzeum G\u00f3rno\u015bl\u0105skie w Bytomiu, Muzeum Sztuki w \u0141odzi, Muzeum Ziemi Lubuskiej w Zielonej G\u00f3rze, BWA Katowice, Muzeum Historii Katowic, Muzeum Okr\u0119gowe w Koszalinie.<\/p>\n","protected":false},"excerpt":{"rendered":"<p>Andrzej Urbanowicz by\u0142 polskim malarzem, grafikiem, tw\u00f3rc\u0105 parateatralnym i performerem. Urodzi\u0142 si\u0119 w 1938 roku w Wilnie. W 1962 roku uzyska\u0142 dyplom Akademii Sztuk Pi\u0119knych w Krakowie gdzie studiowa\u0142 od 1956 roku (od 1958 w filii macierzystej uczelni w Katowicach). W 1963 roku debiutowa\u0142 wystaw\u0105 indywidualn\u0105 w galerii Krzywe Ko\u0142o prowadzonej przez Mariana Bogusza. Na&#8230; <\/p>\n<div class=\"read-more navbutton\"><a href=\"https:\/\/www.oneiron.pl\/index.php\/oneiron\/andrzej-urbanowicz\/\">Read More<i class=\"fa fa-angle-double-right\"><\/i><\/a><\/div>\n","protected":false},"author":1,"featured_media":0,"parent":2,"menu_order":0,"comment_status":"closed","ping_status":"closed","template":"","meta":{"footnotes":""},"class_list":["post-36","page","type-page","status-publish","hentry"],"_links":{"self":[{"href":"https:\/\/www.oneiron.pl\/index.php\/wp-json\/wp\/v2\/pages\/36","targetHints":{"allow":["GET"]}}],"collection":[{"href":"https:\/\/www.oneiron.pl\/index.php\/wp-json\/wp\/v2\/pages"}],"about":[{"href":"https:\/\/www.oneiron.pl\/index.php\/wp-json\/wp\/v2\/types\/page"}],"author":[{"embeddable":true,"href":"https:\/\/www.oneiron.pl\/index.php\/wp-json\/wp\/v2\/users\/1"}],"replies":[{"embeddable":true,"href":"https:\/\/www.oneiron.pl\/index.php\/wp-json\/wp\/v2\/comments?post=36"}],"version-history":[{"count":3,"href":"https:\/\/www.oneiron.pl\/index.php\/wp-json\/wp\/v2\/pages\/36\/revisions"}],"predecessor-version":[{"id":230,"href":"https:\/\/www.oneiron.pl\/index.php\/wp-json\/wp\/v2\/pages\/36\/revisions\/230"}],"up":[{"embeddable":true,"href":"https:\/\/www.oneiron.pl\/index.php\/wp-json\/wp\/v2\/pages\/2"}],"wp:attachment":[{"href":"https:\/\/www.oneiron.pl\/index.php\/wp-json\/wp\/v2\/media?parent=36"}],"curies":[{"name":"wp","href":"https:\/\/api.w.org\/{rel}","templated":true}]}}