{"id":32,"date":"2019-12-10T18:42:41","date_gmt":"2019-12-10T17:42:41","guid":{"rendered":"http:\/\/www.oneiron.org\/?page_id=32"},"modified":"2022-01-25T10:08:51","modified_gmt":"2022-01-25T09:08:51","slug":"antoni-halor","status":"publish","type":"page","link":"https:\/\/www.oneiron.pl\/index.php\/oneiron\/antoni-halor\/","title":{"rendered":"Antoni Halor"},"content":{"rendered":"\n<div class=\"wp-block-image\"><figure class=\"aligncenter size-large\"><img loading=\"lazy\" decoding=\"async\" width=\"400\" height=\"400\" src=\"http:\/\/www.oneiron.org\/wp-content\/uploads\/2019\/12\/aha400.jpg\" alt=\"\" class=\"wp-image-57\" srcset=\"https:\/\/www.oneiron.pl\/wp-content\/uploads\/2019\/12\/aha400.jpg 400w, https:\/\/www.oneiron.pl\/wp-content\/uploads\/2019\/12\/aha400-300x300.jpg 300w, https:\/\/www.oneiron.pl\/wp-content\/uploads\/2019\/12\/aha400-150x150.jpg 150w\" sizes=\"auto, (max-width: 400px) 100vw, 400px\" \/><figcaption>Antoni Halor (1937-2011)<\/figcaption><\/figure><\/div>\n\n\n\n<p>Studiowa\u0142 na Akademii Sztuk Pi\u0119knych w Krakowie, gdzie uzyska\u0142 dyplom w 1965 r. oraz na Pa\u0144stwowej Wy\u017cszej Szkole Teatralnej, Filmowej i Telewizyjnej w \u0141odzi, kt\u00f3rej dyplom otrzyma\u0142 w 1971 r. Doktoryzowa\u0142 si\u0119 na Uniwersytecie \u015al\u0105skim w Katowicach z zakresu literaturoznawstwa w 2004 r.<\/p>\n\n\n\n<p>Autor i scenarzysta film\u00f3w dokumentalnych, fabularnych i animowanych, przedstawie\u0144 Teatru Telewizji i innych widowisk telewizyjnych. Malarz, rysownik, grafik, ilustrator ksi\u0105\u017cek, jeden z prekursor\u00f3w mail art. Za\u0142o\u017cyciel Dyskusyjnego Klubu Filmowego \u201eKino \u2013 Oko\u201d w Katowicach. Od 1965 cz\u0142onek Zwi\u0105zku Polskich Artyst\u00f3w Plastyk\u00f3w, od 1971 Stowarzyszenia Filmowc\u00f3w Polskich. Autor opowiada\u0144, scenariuszy, esej\u00f3w i szkic\u00f3w z dziedziny sztuki, filmu i literatury. Autor licznych ksi\u0105\u017cek o kulturze, obyczajach i legendach G\u00f3rnego \u015al\u0105ska.<\/p>\n\n\n\n<p>By\u0142 tw\u00f3rc\u0105 niezwykle wszechstronnym i w r\u00f3\u017cnorodnych dziedzinach osi\u0105gn\u0105\u0142 mistrzostwo i zas\u0142u\u017cone uznanie. Filmoznawcy i archiwi\u015bci kina \u015bl\u0105skiego przyznaj\u0105 mu miejsce w pierwszym szeregu dokumentalist\u00f3w unikalnego krajobrazu, kultury i postaci G\u00f3rnego \u015al\u0105ska. Wyj\u0105tkowy, ponadczasowy kunszt realizatorski, talent plastyczny i muzyczny oraz malarskie spojrzenie na plan krytycy doceniali nie tylko w oryginalnej tw\u00f3rczo\u015bci filmowej, ale tak\u017ce w przedstawieniach Teatru Telewizji i widowiskach realizowanych w katowickim o\u015brodku z udzia\u0142em czo\u0142owych aktor\u00f3w kina i teatru polskiego. <\/p>\n\n\n\n<p>Z wczesnej tw\u00f3rczo\u015bci filmowej Halora wyr\u00f3\u017cnia si\u0119 nakr\u0119cony w kolorowej, szerokoekranowej konwencji westernu kr\u00f3tkometra\u017cowy dokument \u201ePo\u017cegnanie kolejki\u201d o likwidowanej w\u00f3wczas dojazdowej kolejce g\u00f3rniczej kopalni \u201eSiemianowice\u201d, b\u0119d\u0105cy zarazem pierwszym filmem w technice cinemascope zrealizowanym w \u0142\u00f3dzkiej Szkole Filmowej (autorem zdj\u0119\u0107 by\u0142 Micha\u0142 Bukojemski) oraz \u201eWzg\u00f3rze Marsa albo Powr\u00f3t powsta\u0144ca \u015bl\u0105skiego\u201d \u2013 etiuda fabularna osadzona w g\u00f3rno\u015bl\u0105skim pejza\u017cu, z g\u0142\u00f3wnymi rolami Tadeusza Kwinty i Marii Hornik, kt\u00f3rzy trzy lata p\u00f3\u017aniej pojawili si\u0119 tak\u017ce pe\u0142nometra\u017cowym fabularnym filmie pt. \u201eOpis obyczaj\u00f3w\u201d. W latach 1969\u20131975 Antoni Halor re\u017cyserowa\u0142 wi\u0119kszo\u015b\u0107 film\u00f3w i widowisk wsp\u00f3lnie z J\u00f3zefem G\u0119bskim. \u201eTestament\u201d to jeden z najwa\u017cniejszych film\u00f3w dokumentalnych o obozie koncentracyjnym w O\u015bwi\u0119cimiu opowiedziany proz\u0105 Tadeusza Borowskiego, wielokrotnie nagradzany na krajowych i mi\u0119dzynarodowych festiwalach i przegl\u0105dach (m.in. nagroda Srebrnego Lajkonika na festiwalu KFF w Krakowie w 1970 r., nagroda na MFF w Tours 1971 r. Inne warte szczeg\u00f3lnej uwagi filmy dokumentalne tandemu to m.in. \u201eCzarne-zielone\u201d i \u201eCzarne s\u0142o\u0144ce\u201d, kt\u00f3re w realistyczny, chocia\u017c nie pozbawiony humoru spos\u00f3b opowiada\u0142y o pracy g\u00f3rnik\u00f3w w\u0119gla kamiennego, po wyr\u00f3\u017cnieniu na festiwalu w Krakowie w 1971 r. zosta\u0142y zdj\u0119te z ekranu przez cenzur\u0119; \u201eNotatnik 14\u201d (nagroda Br\u0105zowego Lajkonika w 1973 r.); \u201eJeden plus jeden\u201d (nagroda w Tampere oraz najlepszy film roku 1974 na festiwalu w Londynie). Najwa\u017cniejsze samodzielne filmy re\u017cysera to \u201eCz\u0142owiek z lask\u0105\u201d (film o generale i wojewodzie Jerzym Zi\u0119tku, wyr\u00f3\u017cniony na festiwalu w Krakowie i uhonorowany Nagrod\u0105 G\u0142\u00f3wn\u0105 w 1979 r. w \u0141odzi); \u201eS\u0142oneczko jasne zza czarnych g\u00f3r\u201d (dokumentalny zapis wspomnie\u0144 i pie\u015bni z aktorskim udzia\u0142em s\u0119dziwych, ostatnich w\u00f3wczas jeszcze \u017cyj\u0105cych powsta\u0144c\u00f3w \u015bl\u0105skich); \u201eSiedem zegark\u00f3w Gustawa\u201d (pe\u0142nometra\u017cowy, fabularyzowany telewizyjny film dokumentalny o Gustawie Morcinku \u2013 I nagroda ZWSD \u201eEpoka\u201d w 1987 roku); \u201eUlica, o kt\u00f3rej troch\u0119 wiem\u201d \u2013 dokument o przemianie obyczajowej, jaka dotkn\u0119\u0142a g\u00f3rno\u015bl\u0105skie osiedla robotnicze na przestrzeni XX wieku, z elementami autobiografii.<\/p>\n\n\n\n<p><\/p>\n\n\n\n<p>Obrazy i grafiki autorstwa Antoniego Halora znalaz\u0142y miejsce w wielu kolekcjach dzie\u0142 sztuki na \u015bwiecie, w Polsce m. in. w zbiorach Muzeum G\u00f3rno\u015bl\u0105skiego w Bytomiu, Muzeum \u015al\u0105skiego w Katowicach, Muzeum Historii Katowic i Muzeum Miejskiego w Siemianowicach \u015al\u0105skich. W tw\u00f3rczo\u015bci malarskiej i graficznej artysty powtarza\u0142y si\u0119 m. in. motywy g\u00f3rno\u015bl\u0105skiego pejza\u017cu przemys\u0142owego, mityczna g\u00f3ra Meru, przer\u00f3\u017cne symbole czasu i przemijania, bezkres nieba i oceanu. Bardzo wa\u017cnym elementem jego dorobku plastycznego s\u0105 dzie\u0142a zupe\u0142nie unikalne jak wystawiona w Warszawie w 1966 roku \u201ekopertografika\u201d \u2013 autorska sztuka ilustracji list\u00f3w, kt\u00f3ra wzbudzi\u0142a gor\u0105cy odbi\u00f3r krytyki wyprzedzaj\u0105c swoj\u0105 epok\u0119 na \u015bwiecie, czy te\u017c kunsztownie przet\u0142umaczone, r\u0119cznie napisane, ilustrowane i oprawiane ksi\u0105\u017cki. <\/p>\n\n\n\n<p>Na polu dzia\u0142alno\u015bci kulturoznawczej i literackiej odkrywa\u0142 i odbr\u0105zawia\u0142 w swoich filmach i ksi\u0105\u017ckach wiele wybitnych postaci zapomnianych przez histori\u0119 czy takich, kt\u00f3rych dorobek na niwie polskiej kultury na G\u00f3rnym \u015al\u0105sku w czasach jego przynale\u017cno\u015bci do pa\u0144stwa niemieckiego by\u0142 nieznany lub niedoceniany, jak ks. Norbert Bo\u0144czyk, Piotr Ko\u0142odziej, Ludwik Musio\u0142 czy ks. Antoni Stabik. W pracy badawczej poszukiwa\u0142 zawsze \u017ar\u00f3de\u0142 pierwotnych, wsp\u00f3\u0142pracuj\u0105c z licznymi instytucjami kultury w regionie \u2013 Uniwersytetem \u015al\u0105skim, Bibliotek\u0105 \u015al\u0105sk\u0105, G\u00f3rno\u015bl\u0105skim&nbsp; Parkiem Etnograficznym i niezliczonymi muzeami i bibliotekami gminnymi oraz instytucjami ko\u015bcielnymi. Jako znakomity t\u0142umacz i ilustrator przyczyni\u0142 si\u0119 r\u00f3wnie\u017c do powstania szeregu publikacji innych autor\u00f3w. Szczeg\u00f3lne miejsce w jego dorobku zajmuj\u0105 tradycyjne \u015bl\u0105skie kalendarze, w\u0142asnor\u0119cznie ilustrowane i redagowane. <\/p>\n\n\n\n<p>Obok szeregu nagr\u00f3d za tw\u00f3rczo\u015b\u0107 filmow\u0105, publikacje o folklorze G\u00f3rnego \u015al\u0105ska przynios\u0142y tw\u00f3rcy Nagrod\u0119 Ziemi Bytomskiej im. J. Lig\u0119zy w 1989 r., w 2000 r. zosta\u0142 uhonorowany przez Zarz\u0105d Wojew\u00f3dztwa \u015al\u0105skiego Nagrod\u0105 im. Karola Miarki. Jego dorobek doceni\u0142o tak\u017ce \u015bl\u0105skie \u015brodowisko literackie, na wniosek kt\u00f3rego A. Halor w 2005 r. otrzyma\u0142 odznak\u0119 \u201eZas\u0142u\u017cony dla Kultury Polskiej\u201d. Po\u015bmiertnie, z okazji 80 rocznicy urodzin w 2017 r. Antoni Halor zosta\u0142 uhonorowany pomnikiem w Galerii Artystycznej miasta Katowice oraz po\u015bwi\u0119ceniem mu izby pami\u0119ci i wystawy w Muzeum Miejskim w Siemianowicach.  <\/p>\n","protected":false},"excerpt":{"rendered":"<p>Antoni Halor (1937-2011) Studiowa\u0142 na Akademii Sztuk Pi\u0119knych w Krakowie, gdzie uzyska\u0142 dyplom w 1965 r. oraz na Pa\u0144stwowej Wy\u017cszej Szkole Teatralnej, Filmowej i Telewizyjnej w \u0141odzi, kt\u00f3rej dyplom otrzyma\u0142 w 1971 r. Doktoryzowa\u0142 si\u0119 na Uniwersytecie \u015al\u0105skim w Katowicach z zakresu literaturoznawstwa w 2004 r. Autor i scenarzysta film\u00f3w dokumentalnych, fabularnych i animowanych, przedstawie\u0144&#8230; <\/p>\n<div class=\"read-more navbutton\"><a href=\"https:\/\/www.oneiron.pl\/index.php\/oneiron\/antoni-halor\/\">Read More<i class=\"fa fa-angle-double-right\"><\/i><\/a><\/div>\n","protected":false},"author":1,"featured_media":0,"parent":2,"menu_order":0,"comment_status":"closed","ping_status":"closed","template":"","meta":{"footnotes":""},"class_list":["post-32","page","type-page","status-publish","hentry"],"_links":{"self":[{"href":"https:\/\/www.oneiron.pl\/index.php\/wp-json\/wp\/v2\/pages\/32","targetHints":{"allow":["GET"]}}],"collection":[{"href":"https:\/\/www.oneiron.pl\/index.php\/wp-json\/wp\/v2\/pages"}],"about":[{"href":"https:\/\/www.oneiron.pl\/index.php\/wp-json\/wp\/v2\/types\/page"}],"author":[{"embeddable":true,"href":"https:\/\/www.oneiron.pl\/index.php\/wp-json\/wp\/v2\/users\/1"}],"replies":[{"embeddable":true,"href":"https:\/\/www.oneiron.pl\/index.php\/wp-json\/wp\/v2\/comments?post=32"}],"version-history":[{"count":13,"href":"https:\/\/www.oneiron.pl\/index.php\/wp-json\/wp\/v2\/pages\/32\/revisions"}],"predecessor-version":[{"id":243,"href":"https:\/\/www.oneiron.pl\/index.php\/wp-json\/wp\/v2\/pages\/32\/revisions\/243"}],"up":[{"embeddable":true,"href":"https:\/\/www.oneiron.pl\/index.php\/wp-json\/wp\/v2\/pages\/2"}],"wp:attachment":[{"href":"https:\/\/www.oneiron.pl\/index.php\/wp-json\/wp\/v2\/media?parent=32"}],"curies":[{"name":"wp","href":"https:\/\/api.w.org\/{rel}","templated":true}]}}