{"id":30,"date":"2019-12-10T18:42:20","date_gmt":"2019-12-10T17:42:20","guid":{"rendered":"http:\/\/www.oneiron.org\/?page_id=30"},"modified":"2020-07-19T20:47:29","modified_gmt":"2020-07-19T18:47:29","slug":"urszula-broll","status":"publish","type":"page","link":"https:\/\/www.oneiron.pl\/index.php\/oneiron\/urszula-broll\/","title":{"rendered":"Urszula Broll"},"content":{"rendered":"\n<p>W 1949 r. rozpocz\u0119\u0142a studia w katowickiej uczelni artystycznej &#8211; Wydzia\u0142 Grafiki Akademii Sztuk Pi\u0119knych w Krakowie. W 1955 r. Urszula Broll uzyska\u0142a dyplom z wyr\u00f3\u017cnieniem. W latach 50. XX w. uczestniczy\u0142a w spotkaniach grupy student\u00f3w, kt\u00f3rzy nieoficjaln\u0105 wystaw\u0105 w 1953 r. zainicjowali dzia\u0142anie jednej z pierwszych w Polsce awangardowych grup artystycznych \u2013 St-53. Artystka uczestniczy\u0142a w wystawach grupy do 1958 r.,  m.in. w krakowskim Pa\u0142acu Sztuki i w warszawskiej Galerii Krzywe Ko\u0142o. W 1957 r. i 1959 r. wzi\u0119\u0142a udzia\u0142 w drugiej i trzeciej Wystawie Sztuki Nowoczesnej w Warszawie.<\/p>\n\n\n\n<p>Od 1967 r. wsp\u00f3\u0142tworzy\u0142a grup\u0119 Oneiron, uczestnicz\u0105c np. w powstawaniu tzw. Czarnych Kart, a tak\u017ce w pracach translatorskich i wydawniczych podejmowanych przez Andrzeja Urbanowicza i Henryka Wa\u0144ka. W 1974 r. z Andrzejem Urbanowiczem wsp\u00f3\u0142tworzy\u0142a w Katowicach pierwsz\u0105 wsp\u00f3lnot\u0119 buddyjsk\u0105. W 1983 r. przenios\u0142a si\u0119 do Przesieki ko\u0142o Jeleniej G\u00f3ry. W 2005 r. odby\u0142a si\u0119 du\u017ca retrospektywna wystawa artystki w BWA w Jeleniej G\u00f3rze i w BWA w Katowicach.<\/p>\n\n\n\n<p>Urszula Broll realizowa\u0142a wiele wystaw indywidualnych i bra\u0142a udzia\u0142 w szeregu wystaw zbiorowych w kraju i za granic\u0105. Jej prace znajduj\u0105 si\u0119 m.in. w zbiorach: Muzeum Narodowego w Warszawie, Muzeum Narodowego w Poznaniu, Muzeum Sztuki w \u0141odzi, Muzeum G\u00f3rno\u015bl\u0105skiego w Bytomiu, Muzeum \u015al\u0105skiego w Katowicach, Muzeum Historii Katowic, Muzeum w Koszalinie oraz innych kolekcjach.<\/p>\n\n\n\n<p><\/p>\n","protected":false},"excerpt":{"rendered":"<p>W 1949 r. rozpocz\u0119\u0142a studia w katowickiej uczelni artystycznej &#8211; Wydzia\u0142 Grafiki Akademii Sztuk Pi\u0119knych w Krakowie. W 1955 r. Urszula Broll uzyska\u0142a dyplom z wyr\u00f3\u017cnieniem. W latach 50. XX w. uczestniczy\u0142a w spotkaniach grupy student\u00f3w, kt\u00f3rzy nieoficjaln\u0105 wystaw\u0105 w 1953 r. zainicjowali dzia\u0142anie jednej z pierwszych w Polsce awangardowych grup artystycznych \u2013 St-53. Artystka&#8230; <\/p>\n<div class=\"read-more navbutton\"><a href=\"https:\/\/www.oneiron.pl\/index.php\/oneiron\/urszula-broll\/\">Read More<i class=\"fa fa-angle-double-right\"><\/i><\/a><\/div>\n","protected":false},"author":2,"featured_media":0,"parent":2,"menu_order":0,"comment_status":"closed","ping_status":"closed","template":"","meta":{"footnotes":""},"class_list":["post-30","page","type-page","status-publish","hentry"],"_links":{"self":[{"href":"https:\/\/www.oneiron.pl\/index.php\/wp-json\/wp\/v2\/pages\/30","targetHints":{"allow":["GET"]}}],"collection":[{"href":"https:\/\/www.oneiron.pl\/index.php\/wp-json\/wp\/v2\/pages"}],"about":[{"href":"https:\/\/www.oneiron.pl\/index.php\/wp-json\/wp\/v2\/types\/page"}],"author":[{"embeddable":true,"href":"https:\/\/www.oneiron.pl\/index.php\/wp-json\/wp\/v2\/users\/2"}],"replies":[{"embeddable":true,"href":"https:\/\/www.oneiron.pl\/index.php\/wp-json\/wp\/v2\/comments?post=30"}],"version-history":[{"count":3,"href":"https:\/\/www.oneiron.pl\/index.php\/wp-json\/wp\/v2\/pages\/30\/revisions"}],"predecessor-version":[{"id":85,"href":"https:\/\/www.oneiron.pl\/index.php\/wp-json\/wp\/v2\/pages\/30\/revisions\/85"}],"up":[{"embeddable":true,"href":"https:\/\/www.oneiron.pl\/index.php\/wp-json\/wp\/v2\/pages\/2"}],"wp:attachment":[{"href":"https:\/\/www.oneiron.pl\/index.php\/wp-json\/wp\/v2\/media?parent=30"}],"curies":[{"name":"wp","href":"https:\/\/api.w.org\/{rel}","templated":true}]}}