{"id":2,"date":"2016-08-31T21:26:37","date_gmt":"2016-08-31T19:26:37","guid":{"rendered":"http:\/\/www.oneiron.org\/?page_id=2"},"modified":"2020-09-02T17:18:03","modified_gmt":"2020-09-02T15:18:03","slug":"oneiron","status":"publish","type":"page","link":"https:\/\/www.oneiron.pl\/index.php\/oneiron\/","title":{"rendered":"Oneiron. Oneironauci."},"content":{"rendered":"\n<p>Oneiron, nieformalny kr\u0105g tw\u00f3rc\u00f3w zwany te\u017c Lig\u0105 Spostrze\u017ce\u0144 Duchowych, zawi\u0105za\u0142 si\u0119 w 1967 r. w katowickiej pracowni Urszuli Broll i Andrzeja Urbanowicza. W sk\u0142ad grupy weszli jeszcze: Henryk Waniek, Antoni Halor i Zygmunt Stuchlik.<\/p>\n\n\n\n<p>Z czasem liczba sprzymierzonych os\u00f3b i zakres promieniowania idei grupy okaza\u0142 si\u0119 rozleg\u0142y, do czego przyczyni\u0142o si\u0119 te\u017c powstanie, z inicjatywy Broll i Urbanowicza, pierwszej polskiej gminy buddyjskiej. Grupa nieformalnie dzia\u0142a\u0142a a\u017c do wyjazdu Urbanowicza do USA w 1978 roku.<\/p>\n\n\n\n<p>Grupa ONEIRON stworzy\u0142a wy\u0142om w powszednio\u015bci lat 60. Pi\u0119cioosobowa zrazu grupa skierowana na ezoteryk\u0119, zak\u0142adaj\u0105ca istnienie ukrytego \u017ar\u00f3d\u0142a, do kt\u00f3rego dociera si\u0119, id\u0105c w g\u00f3r\u0119 rzeki. Tropy prowadz\u0105 przez terytoria nowoczesnego wyrazu artystycznego, ale tak\u017ce jego wykl\u0119tych rejon\u00f3w oraz filozofii ducha. Gruntem porozumienia staje si\u0119 mistyka, a wkr\u00f3tce arty\u015bci dostrzegli, \u017ce sens ich dzia\u0142a\u0144 nierozerwalnie zwi\u0105zany jest ze \u015al\u0105skiem.<\/p>\n\n\n\n<p>W 2006 r. ukaza\u0142a si\u0119 ksi\u0105\u017cka \u201eONEIRON. Ezoteryczny kr\u0105g artyst\u00f3w z Katowic\u201d stanowi\u0105ca album-monografi\u0119 artystycznego dzie\u0142a dokonanego przez grup\u0119 ONEIRON. Grupa ONEIRON dla kultury polskiej odkry\u0142a wiele \u015bwiat\u00f3w artystycznych, w tym mit czeskiej Pragi oraz alchemii i wiedzy tajemnej, cho\u0107 podlegaj\u0105cej artystycznej racjonalizacji. Po raz pierwszy w Polsce dog\u0142\u0119bnie zainteresowa\u0142a si\u0119 buddyzmem-zen.<\/p>\n","protected":false},"excerpt":{"rendered":"<p>Oneiron, nieformalny kr\u0105g tw\u00f3rc\u00f3w zwany te\u017c Lig\u0105 Spostrze\u017ce\u0144 Duchowych, zawi\u0105za\u0142 si\u0119 w 1967 r. w katowickiej pracowni Urszuli Broll i Andrzeja Urbanowicza. W sk\u0142ad grupy weszli jeszcze: Henryk Waniek, Antoni Halor i Zygmunt Stuchlik. Z czasem liczba sprzymierzonych os\u00f3b i zakres promieniowania idei grupy okaza\u0142 si\u0119 rozleg\u0142y, do czego przyczyni\u0142o si\u0119 te\u017c powstanie, z inicjatywy&#8230; <\/p>\n<div class=\"read-more navbutton\"><a href=\"https:\/\/www.oneiron.pl\/index.php\/oneiron\/\">Read More<i class=\"fa fa-angle-double-right\"><\/i><\/a><\/div>\n","protected":false},"author":1,"featured_media":0,"parent":0,"menu_order":2,"comment_status":"closed","ping_status":"closed","template":"","meta":{"footnotes":""},"class_list":["post-2","page","type-page","status-publish","hentry"],"_links":{"self":[{"href":"https:\/\/www.oneiron.pl\/index.php\/wp-json\/wp\/v2\/pages\/2","targetHints":{"allow":["GET"]}}],"collection":[{"href":"https:\/\/www.oneiron.pl\/index.php\/wp-json\/wp\/v2\/pages"}],"about":[{"href":"https:\/\/www.oneiron.pl\/index.php\/wp-json\/wp\/v2\/types\/page"}],"author":[{"embeddable":true,"href":"https:\/\/www.oneiron.pl\/index.php\/wp-json\/wp\/v2\/users\/1"}],"replies":[{"embeddable":true,"href":"https:\/\/www.oneiron.pl\/index.php\/wp-json\/wp\/v2\/comments?post=2"}],"version-history":[{"count":8,"href":"https:\/\/www.oneiron.pl\/index.php\/wp-json\/wp\/v2\/pages\/2\/revisions"}],"predecessor-version":[{"id":217,"href":"https:\/\/www.oneiron.pl\/index.php\/wp-json\/wp\/v2\/pages\/2\/revisions\/217"}],"wp:attachment":[{"href":"https:\/\/www.oneiron.pl\/index.php\/wp-json\/wp\/v2\/media?parent=2"}],"curies":[{"name":"wp","href":"https:\/\/api.w.org\/{rel}","templated":true}]}}