{"id":110,"date":"2020-09-02T10:10:55","date_gmt":"2020-09-02T08:10:55","guid":{"rendered":"http:\/\/www.oneiron.org\/?page_id=110"},"modified":"2020-10-05T23:21:38","modified_gmt":"2020-10-05T21:21:38","slug":"pracownia","status":"publish","type":"page","link":"https:\/\/www.oneiron.pl\/index.php\/pracownia\/","title":{"rendered":"Pracownia"},"content":{"rendered":"\n<p>Na pocz\u0105tku roku 1960 Urszula Broll i Andrzej Urbanowicz otrzymali cz\u0119\u015b\u0107 strychu kamienicy przy ulicy Piastowskiej 1. Pracownia po\u0142o\u017cona w samym centrum miasta wkr\u00f3tce sta\u0142a si\u0119 przestrzeni\u0105 nie tylko tw\u00f3rczo\u015bci obojga artyst\u00f3w, ale r\u00f3wnie\u017c spotka\u0144, kontakt\u00f3w i realizacji zespo\u0142owych. Neoawangarda, alternatywa, ezoteryka, buddyzm i inne w\u0105tki kultury niezale\u017cnej tworz\u0105 tu odt\u0105d rzadko spotykan\u0105 oaz\u0119 wolno\u015bci. Zwyk\u0142a dla pracowni jest gotowo\u015b\u0107 dzielenia si\u0119 przestrzeni\u0105, przecie\u017c prywatn\u0105, z ka\u017cd\u0105 godn\u0105 uwagi inicjatyw\u0105. Nie ulega w\u0105tpliwo\u015bci kulturotw\u00f3rcza rola tego miejsca \u2013 nie tylko w odniesieniu do \u015al\u0105ska. Animacja kultury niezale\u017cnej od aktualnie panuj\u0105cych przyzwyczaje\u0144 i dialog mi\u0119dzykulturowy s\u0105 sta\u0142ym przes\u0142aniem pracowni. Kr\u0105g os\u00f3b w taki czy inny spos\u00f3b zwi\u0105zanych z Piastowsk\u0105, r\u00f3wnie\u017c spoza \u015al\u0105ska, jest bardzo szeroki. \u015awiadczy o bogactwie i z\u0142o\u017cono\u015bci zjawiska, wartego zachowania w kolektywnej pami\u0119ci.<\/p>\n\n\n\n<p>Jubileusz 60-lecia jest okazj\u0105 do odkrycia korzeni tych kontakt\u00f3w i inicjatyw. Czym by\u0142o i jest to wa\u017cne dla kultury niezale\u017cnej miejsce?<\/p>\n\n\n\n<p>\u201ePracownia Urszuli i Andrzeja, nie tylko z powodu wyr\u00f3\u017cniaj\u0105cych ju\u017c wtedy tych artyst\u00f3w, osi\u0105gni\u0119\u0107 w dziedzinie sztuki, lecz r\u00f3wnie\u017c postawie, kt\u00f3ra w rozumieniu staro\u017cytnych Grek\u00f3w znaczy\u0142a \u201emistrzowie sztuk wyzwolonych\u201d, by\u0142a w\u00f3wczas miejscem, w kt\u00f3rym go\u015bcili ludzie kultury z ca\u0142ej Polski. W\u015br\u00f3d tych, kt\u00f3rych uda\u0142o mi si\u0119 tam spotka\u0107 byli Hilary Krzysztofiak, Waldemar \u015awierzy, Marian Bogusz, Zygmunt Lis, Zygfryd Dudzik, Zdzis\u0142aw Beksi\u0144ski, Zdzis\u0142aw Stanek, Julian Przybo\u015b, Igor Neubauer i wielu innych tw\u00f3rc\u00f3w i teoretyk\u00f3w sztuki.\u201d (Zagrodzki, J. (red.). (2004). <em>Katowicki Underground Artystyczny po 1953 roku<\/em>. Katowice.<\/p>\n\n\n\n<figure class=\"wp-block-embed-youtube wp-block-embed is-type-video is-provider-youtube wp-embed-aspect-16-9 wp-has-aspect-ratio\"><div class=\"wp-block-embed__wrapper\">\n<iframe loading=\"lazy\" title=\"Tide of Trepidation E.S.T. - Adam Bul- gitary\" width=\"680\" height=\"383\" src=\"https:\/\/www.youtube.com\/embed\/0zZBb9x0c1M?feature=oembed\" frameborder=\"0\" allow=\"accelerometer; autoplay; clipboard-write; encrypted-media; gyroscope; picture-in-picture\" allowfullscreen><\/iframe>\n<\/div><\/figure>\n\n\n\n<p><\/p>\n","protected":false},"excerpt":{"rendered":"<p>Na pocz\u0105tku roku 1960 Urszula Broll i Andrzej Urbanowicz otrzymali cz\u0119\u015b\u0107 strychu kamienicy przy ulicy Piastowskiej 1. Pracownia po\u0142o\u017cona w samym centrum miasta wkr\u00f3tce sta\u0142a si\u0119 przestrzeni\u0105 nie tylko tw\u00f3rczo\u015bci obojga artyst\u00f3w, ale r\u00f3wnie\u017c spotka\u0144, kontakt\u00f3w i realizacji zespo\u0142owych. Neoawangarda, alternatywa, ezoteryka, buddyzm i inne w\u0105tki kultury niezale\u017cnej tworz\u0105 tu odt\u0105d rzadko spotykan\u0105 oaz\u0119 wolno\u015bci&#8230;. <\/p>\n<div class=\"read-more navbutton\"><a href=\"https:\/\/www.oneiron.pl\/index.php\/pracownia\/\">Read More<i class=\"fa fa-angle-double-right\"><\/i><\/a><\/div>\n","protected":false},"author":4,"featured_media":0,"parent":0,"menu_order":4,"comment_status":"closed","ping_status":"closed","template":"","meta":{"footnotes":""},"class_list":["post-110","page","type-page","status-publish","hentry"],"_links":{"self":[{"href":"https:\/\/www.oneiron.pl\/index.php\/wp-json\/wp\/v2\/pages\/110","targetHints":{"allow":["GET"]}}],"collection":[{"href":"https:\/\/www.oneiron.pl\/index.php\/wp-json\/wp\/v2\/pages"}],"about":[{"href":"https:\/\/www.oneiron.pl\/index.php\/wp-json\/wp\/v2\/types\/page"}],"author":[{"embeddable":true,"href":"https:\/\/www.oneiron.pl\/index.php\/wp-json\/wp\/v2\/users\/4"}],"replies":[{"embeddable":true,"href":"https:\/\/www.oneiron.pl\/index.php\/wp-json\/wp\/v2\/comments?post=110"}],"version-history":[{"count":4,"href":"https:\/\/www.oneiron.pl\/index.php\/wp-json\/wp\/v2\/pages\/110\/revisions"}],"predecessor-version":[{"id":236,"href":"https:\/\/www.oneiron.pl\/index.php\/wp-json\/wp\/v2\/pages\/110\/revisions\/236"}],"wp:attachment":[{"href":"https:\/\/www.oneiron.pl\/index.php\/wp-json\/wp\/v2\/media?parent=110"}],"curies":[{"name":"wp","href":"https:\/\/api.w.org\/{rel}","templated":true}]}}