{"id":106,"date":"2019-12-02T10:05:22","date_gmt":"2019-12-02T09:05:22","guid":{"rendered":"http:\/\/www.oneiron.org\/?page_id=106"},"modified":"2020-09-30T10:40:12","modified_gmt":"2020-09-30T08:40:12","slug":"o-czarnych-kartach","status":"publish","type":"page","link":"https:\/\/www.oneiron.pl\/index.php\/o-czarnych-kartach\/","title":{"rendered":"Czarne Karty"},"content":{"rendered":"\n<h2 class=\"wp-block-heading\">CHAOS czyli Czarne Karty<\/h2>\n\n\n\n<p>Tajna kronika grupy przyjaci\u00f3\u0142 zwanej p\u00f3\u017aniej Lig\u0105 Spostrze\u017ce\u0144 Duchowych lub Oneiron wymienia dat\u0119 23 grudnia 1967, jako dzie\u0144, w kt\u00f3rym postanowiono realizowa\u0107 wsp\u00f3lnie tw\u00f3r zwany pierw leksykonem, p\u00f3\u017aniej Nowym Bezpretensjonalnym Pismem \u015awi\u0119tym w Obrazach, a jeszcze p\u00f3\u017aniej Nowym Bezpretensjonalnym Chaosem w Obrazkach.<\/p>\n\n\n\n<p>Trudno m\u00f3wi\u0107 o celu przedsi\u0119wzi\u0119cia. By\u0107 mo\u017ce nie by\u0142o takowego. By\u0107 mo\u017ce, i\u017c ca\u0142y cel wyczerpywa\u0142 si\u0119 w dzia\u0142aniu, we wzajemnych zwierzeniach, sporach, grach i wsp\u00f3\u0142istnieniu. By\u0107 mo\u017ce, i\u017c jest tylko \u015bwiadectwem, zapisem \u00f3wczesnych zainteresowa\u0144, pogl\u0105d\u00f3w i t\u0119sknot wsp\u00f3\u0142zapisuj\u0105cych.<\/p>\n\n\n\n<p>Pierwszy pokaz mia\u0142 miejsce 11 pa\u017adziernika 1969 roku podczas II Katowickiego Spotkania Tw\u00f3rc\u00f3w i Teoretyk\u00f3w Sztuki. Drugi, w kwietniu 1970 w Galerii Wsp\u00f3\u0142czesnej w Warszawe. Trzeci, w Galerii EM Klubu Mi\u0119dzynarodowej Prasy i Ksi\u0105\u017cki w Siemianowicach \u015al\u0105skich, gdzie grupa po raz pierwszy oficjalnie wyst\u0105pi\u0142a pod nazw\u0105 Oneiron.<\/p>\n\n\n\n<figure class=\"wp-block-gallery columns-3 is-cropped wp-block-gallery-1 is-layout-flex wp-block-gallery-is-layout-flex\"><ul class=\"blocks-gallery-grid\"><li class=\"blocks-gallery-item\"><figure><img loading=\"lazy\" decoding=\"async\" width=\"799\" height=\"801\" src=\"http:\/\/www.oneiron.org\/wp-content\/uploads\/2020\/09\/A_-1.jpg\" alt=\"\" data-id=\"183\" data-full-url=\"http:\/\/www.oneiron.org\/wp-content\/uploads\/2020\/09\/A_-1.jpg\" data-link=\"http:\/\/www.oneiron.org\/index.php\/o-czarnych-kartach\/a_-1\/\" class=\"wp-image-183\" srcset=\"https:\/\/www.oneiron.pl\/wp-content\/uploads\/2020\/09\/A_-1.jpg 799w, https:\/\/www.oneiron.pl\/wp-content\/uploads\/2020\/09\/A_-1-300x300.jpg 300w, https:\/\/www.oneiron.pl\/wp-content\/uploads\/2020\/09\/A_-1-150x150.jpg 150w, https:\/\/www.oneiron.pl\/wp-content\/uploads\/2020\/09\/A_-1-768x770.jpg 768w\" sizes=\"auto, (max-width: 799px) 100vw, 799px\" \/><\/figure><\/li><li class=\"blocks-gallery-item\"><figure><img loading=\"lazy\" decoding=\"async\" width=\"803\" height=\"789\" src=\"http:\/\/www.oneiron.org\/wp-content\/uploads\/2020\/09\/B_-1.jpg\" alt=\"\" data-id=\"184\" data-full-url=\"http:\/\/www.oneiron.org\/wp-content\/uploads\/2020\/09\/B_-1.jpg\" data-link=\"http:\/\/www.oneiron.org\/index.php\/o-czarnych-kartach\/b_-1\/\" class=\"wp-image-184\" srcset=\"https:\/\/www.oneiron.pl\/wp-content\/uploads\/2020\/09\/B_-1.jpg 803w, https:\/\/www.oneiron.pl\/wp-content\/uploads\/2020\/09\/B_-1-300x295.jpg 300w, https:\/\/www.oneiron.pl\/wp-content\/uploads\/2020\/09\/B_-1-768x755.jpg 768w\" sizes=\"auto, (max-width: 803px) 100vw, 803px\" \/><\/figure><\/li><li class=\"blocks-gallery-item\"><figure><img loading=\"lazy\" decoding=\"async\" width=\"1009\" height=\"1024\" src=\"http:\/\/www.oneiron.org\/wp-content\/uploads\/2020\/09\/C-1-1009x1024.jpg\" alt=\"\" data-id=\"185\" data-full-url=\"http:\/\/www.oneiron.org\/wp-content\/uploads\/2020\/09\/C-1.jpg\" data-link=\"http:\/\/www.oneiron.org\/index.php\/o-czarnych-kartach\/c-1\/\" class=\"wp-image-185\" srcset=\"https:\/\/www.oneiron.pl\/wp-content\/uploads\/2020\/09\/C-1-1009x1024.jpg 1009w, https:\/\/www.oneiron.pl\/wp-content\/uploads\/2020\/09\/C-1-296x300.jpg 296w, https:\/\/www.oneiron.pl\/wp-content\/uploads\/2020\/09\/C-1-768x779.jpg 768w, https:\/\/www.oneiron.pl\/wp-content\/uploads\/2020\/09\/C-1-1514x1536.jpg 1514w, https:\/\/www.oneiron.pl\/wp-content\/uploads\/2020\/09\/C-1-2018x2048.jpg 2018w\" sizes=\"auto, (max-width: 1009px) 100vw, 1009px\" \/><\/figure><\/li><li class=\"blocks-gallery-item\"><figure><img loading=\"lazy\" decoding=\"async\" width=\"803\" height=\"790\" src=\"http:\/\/www.oneiron.org\/wp-content\/uploads\/2020\/09\/D_-1.jpg\" alt=\"\" data-id=\"186\" data-full-url=\"http:\/\/www.oneiron.org\/wp-content\/uploads\/2020\/09\/D_-1.jpg\" data-link=\"http:\/\/www.oneiron.org\/index.php\/o-czarnych-kartach\/d_-1\/\" class=\"wp-image-186\" srcset=\"https:\/\/www.oneiron.pl\/wp-content\/uploads\/2020\/09\/D_-1.jpg 803w, https:\/\/www.oneiron.pl\/wp-content\/uploads\/2020\/09\/D_-1-300x295.jpg 300w, https:\/\/www.oneiron.pl\/wp-content\/uploads\/2020\/09\/D_-1-768x756.jpg 768w\" sizes=\"auto, (max-width: 803px) 100vw, 803px\" \/><\/figure><\/li><li class=\"blocks-gallery-item\"><figure><img loading=\"lazy\" decoding=\"async\" width=\"811\" height=\"785\" src=\"http:\/\/www.oneiron.org\/wp-content\/uploads\/2020\/09\/E_-1.jpg\" alt=\"\" data-id=\"187\" data-full-url=\"http:\/\/www.oneiron.org\/wp-content\/uploads\/2020\/09\/E_-1.jpg\" data-link=\"http:\/\/www.oneiron.org\/index.php\/o-czarnych-kartach\/e_-1\/\" class=\"wp-image-187\" srcset=\"https:\/\/www.oneiron.pl\/wp-content\/uploads\/2020\/09\/E_-1.jpg 811w, https:\/\/www.oneiron.pl\/wp-content\/uploads\/2020\/09\/E_-1-300x290.jpg 300w, https:\/\/www.oneiron.pl\/wp-content\/uploads\/2020\/09\/E_-1-768x743.jpg 768w\" sizes=\"auto, (max-width: 811px) 100vw, 811px\" \/><\/figure><\/li><li class=\"blocks-gallery-item\"><figure><img loading=\"lazy\" decoding=\"async\" width=\"992\" height=\"1024\" src=\"http:\/\/www.oneiron.org\/wp-content\/uploads\/2020\/09\/F-1-992x1024.jpg\" alt=\"\" data-id=\"188\" data-full-url=\"http:\/\/www.oneiron.org\/wp-content\/uploads\/2020\/09\/F-1.jpg\" data-link=\"http:\/\/www.oneiron.org\/index.php\/o-czarnych-kartach\/f-1\/\" class=\"wp-image-188\" srcset=\"https:\/\/www.oneiron.pl\/wp-content\/uploads\/2020\/09\/F-1-992x1024.jpg 992w, https:\/\/www.oneiron.pl\/wp-content\/uploads\/2020\/09\/F-1-291x300.jpg 291w, https:\/\/www.oneiron.pl\/wp-content\/uploads\/2020\/09\/F-1-768x793.jpg 768w, https:\/\/www.oneiron.pl\/wp-content\/uploads\/2020\/09\/F-1-1488x1536.jpg 1488w, https:\/\/www.oneiron.pl\/wp-content\/uploads\/2020\/09\/F-1-1984x2048.jpg 1984w\" sizes=\"auto, (max-width: 992px) 100vw, 992px\" \/><\/figure><\/li><li class=\"blocks-gallery-item\"><figure><img loading=\"lazy\" decoding=\"async\" width=\"802\" height=\"797\" src=\"http:\/\/www.oneiron.org\/wp-content\/uploads\/2020\/09\/J_-1.jpg\" alt=\"\" data-id=\"189\" data-full-url=\"http:\/\/www.oneiron.org\/wp-content\/uploads\/2020\/09\/J_-1.jpg\" data-link=\"http:\/\/www.oneiron.org\/index.php\/o-czarnych-kartach\/j_-1\/\" class=\"wp-image-189\" srcset=\"https:\/\/www.oneiron.pl\/wp-content\/uploads\/2020\/09\/J_-1.jpg 802w, https:\/\/www.oneiron.pl\/wp-content\/uploads\/2020\/09\/J_-1-300x298.jpg 300w, https:\/\/www.oneiron.pl\/wp-content\/uploads\/2020\/09\/J_-1-150x150.jpg 150w, https:\/\/www.oneiron.pl\/wp-content\/uploads\/2020\/09\/J_-1-768x763.jpg 768w\" sizes=\"auto, (max-width: 802px) 100vw, 802px\" \/><\/figure><\/li><li class=\"blocks-gallery-item\"><figure><img loading=\"lazy\" decoding=\"async\" width=\"798\" height=\"776\" src=\"http:\/\/www.oneiron.org\/wp-content\/uploads\/2020\/09\/K_-1.jpg\" alt=\"\" data-id=\"190\" data-full-url=\"http:\/\/www.oneiron.org\/wp-content\/uploads\/2020\/09\/K_-1.jpg\" data-link=\"http:\/\/www.oneiron.org\/index.php\/o-czarnych-kartach\/k_-1\/\" class=\"wp-image-190\" srcset=\"https:\/\/www.oneiron.pl\/wp-content\/uploads\/2020\/09\/K_-1.jpg 798w, https:\/\/www.oneiron.pl\/wp-content\/uploads\/2020\/09\/K_-1-300x292.jpg 300w, https:\/\/www.oneiron.pl\/wp-content\/uploads\/2020\/09\/K_-1-768x747.jpg 768w\" sizes=\"auto, (max-width: 798px) 100vw, 798px\" \/><\/figure><\/li><li class=\"blocks-gallery-item\"><figure><img loading=\"lazy\" decoding=\"async\" width=\"995\" height=\"1024\" src=\"http:\/\/www.oneiron.org\/wp-content\/uploads\/2020\/09\/L-2-995x1024.jpg\" alt=\"\" data-id=\"191\" data-full-url=\"http:\/\/www.oneiron.org\/wp-content\/uploads\/2020\/09\/L-2.jpg\" data-link=\"http:\/\/www.oneiron.org\/index.php\/o-czarnych-kartach\/l-2\/\" class=\"wp-image-191\" srcset=\"https:\/\/www.oneiron.pl\/wp-content\/uploads\/2020\/09\/L-2-995x1024.jpg 995w, https:\/\/www.oneiron.pl\/wp-content\/uploads\/2020\/09\/L-2-291x300.jpg 291w, https:\/\/www.oneiron.pl\/wp-content\/uploads\/2020\/09\/L-2-768x790.jpg 768w, https:\/\/www.oneiron.pl\/wp-content\/uploads\/2020\/09\/L-2-1492x1536.jpg 1492w, https:\/\/www.oneiron.pl\/wp-content\/uploads\/2020\/09\/L-2-1990x2048.jpg 1990w\" sizes=\"auto, (max-width: 995px) 100vw, 995px\" \/><\/figure><\/li><li class=\"blocks-gallery-item\"><figure><img loading=\"lazy\" decoding=\"async\" width=\"996\" height=\"1024\" src=\"http:\/\/www.oneiron.org\/wp-content\/uploads\/2020\/09\/L-3-996x1024.jpg\" alt=\"\" data-id=\"192\" data-full-url=\"http:\/\/www.oneiron.org\/wp-content\/uploads\/2020\/09\/L-3.jpg\" data-link=\"http:\/\/www.oneiron.org\/index.php\/o-czarnych-kartach\/l-3\/\" class=\"wp-image-192\" srcset=\"https:\/\/www.oneiron.pl\/wp-content\/uploads\/2020\/09\/L-3-996x1024.jpg 996w, https:\/\/www.oneiron.pl\/wp-content\/uploads\/2020\/09\/L-3-292x300.jpg 292w, https:\/\/www.oneiron.pl\/wp-content\/uploads\/2020\/09\/L-3-768x790.jpg 768w, https:\/\/www.oneiron.pl\/wp-content\/uploads\/2020\/09\/L-3-1494x1536.jpg 1494w, https:\/\/www.oneiron.pl\/wp-content\/uploads\/2020\/09\/L-3-1991x2048.jpg 1991w\" sizes=\"auto, (max-width: 996px) 100vw, 996px\" \/><\/figure><\/li><li class=\"blocks-gallery-item\"><figure><img loading=\"lazy\" decoding=\"async\" width=\"803\" height=\"807\" src=\"http:\/\/www.oneiron.org\/wp-content\/uploads\/2020\/09\/M_-1.jpg\" alt=\"\" data-id=\"193\" data-full-url=\"http:\/\/www.oneiron.org\/wp-content\/uploads\/2020\/09\/M_-1.jpg\" data-link=\"http:\/\/www.oneiron.org\/index.php\/o-czarnych-kartach\/m_-1\/\" class=\"wp-image-193\" srcset=\"https:\/\/www.oneiron.pl\/wp-content\/uploads\/2020\/09\/M_-1.jpg 803w, https:\/\/www.oneiron.pl\/wp-content\/uploads\/2020\/09\/M_-1-300x300.jpg 300w, https:\/\/www.oneiron.pl\/wp-content\/uploads\/2020\/09\/M_-1-150x150.jpg 150w, https:\/\/www.oneiron.pl\/wp-content\/uploads\/2020\/09\/M_-1-768x772.jpg 768w\" sizes=\"auto, (max-width: 803px) 100vw, 803px\" \/><\/figure><\/li><li class=\"blocks-gallery-item\"><figure><img loading=\"lazy\" decoding=\"async\" width=\"810\" height=\"783\" src=\"http:\/\/www.oneiron.org\/wp-content\/uploads\/2020\/09\/N_-1.jpg\" alt=\"\" data-id=\"194\" data-full-url=\"http:\/\/www.oneiron.org\/wp-content\/uploads\/2020\/09\/N_-1.jpg\" data-link=\"http:\/\/www.oneiron.org\/index.php\/o-czarnych-kartach\/n_-1\/\" class=\"wp-image-194\" srcset=\"https:\/\/www.oneiron.pl\/wp-content\/uploads\/2020\/09\/N_-1.jpg 810w, https:\/\/www.oneiron.pl\/wp-content\/uploads\/2020\/09\/N_-1-300x290.jpg 300w, https:\/\/www.oneiron.pl\/wp-content\/uploads\/2020\/09\/N_-1-768x742.jpg 768w\" sizes=\"auto, (max-width: 810px) 100vw, 810px\" \/><\/figure><\/li><li class=\"blocks-gallery-item\"><figure><img loading=\"lazy\" decoding=\"async\" width=\"694\" height=\"684\" src=\"http:\/\/www.oneiron.org\/wp-content\/uploads\/2020\/09\/O_-1.jpg\" alt=\"\" data-id=\"195\" data-full-url=\"http:\/\/www.oneiron.org\/wp-content\/uploads\/2020\/09\/O_-1.jpg\" data-link=\"http:\/\/www.oneiron.org\/index.php\/o-czarnych-kartach\/o_-1\/\" class=\"wp-image-195\" srcset=\"https:\/\/www.oneiron.pl\/wp-content\/uploads\/2020\/09\/O_-1.jpg 694w, https:\/\/www.oneiron.pl\/wp-content\/uploads\/2020\/09\/O_-1-300x296.jpg 300w\" sizes=\"auto, (max-width: 694px) 100vw, 694px\" \/><\/figure><\/li><li class=\"blocks-gallery-item\"><figure><img loading=\"lazy\" decoding=\"async\" width=\"804\" height=\"798\" src=\"http:\/\/www.oneiron.org\/wp-content\/uploads\/2020\/09\/P_-1.jpg\" alt=\"\" data-id=\"196\" data-full-url=\"http:\/\/www.oneiron.org\/wp-content\/uploads\/2020\/09\/P_-1.jpg\" data-link=\"http:\/\/www.oneiron.org\/index.php\/o-czarnych-kartach\/p_-1\/\" class=\"wp-image-196\" srcset=\"https:\/\/www.oneiron.pl\/wp-content\/uploads\/2020\/09\/P_-1.jpg 804w, https:\/\/www.oneiron.pl\/wp-content\/uploads\/2020\/09\/P_-1-300x298.jpg 300w, https:\/\/www.oneiron.pl\/wp-content\/uploads\/2020\/09\/P_-1-150x150.jpg 150w, https:\/\/www.oneiron.pl\/wp-content\/uploads\/2020\/09\/P_-1-768x762.jpg 768w\" sizes=\"auto, (max-width: 804px) 100vw, 804px\" \/><\/figure><\/li><li class=\"blocks-gallery-item\"><figure><img loading=\"lazy\" decoding=\"async\" width=\"795\" height=\"804\" src=\"http:\/\/www.oneiron.org\/wp-content\/uploads\/2020\/09\/Q_-1.jpg\" alt=\"\" data-id=\"198\" data-full-url=\"http:\/\/www.oneiron.org\/wp-content\/uploads\/2020\/09\/Q_-1.jpg\" data-link=\"http:\/\/www.oneiron.org\/index.php\/o-czarnych-kartach\/q_-1\/\" class=\"wp-image-198\" srcset=\"https:\/\/www.oneiron.pl\/wp-content\/uploads\/2020\/09\/Q_-1.jpg 795w, https:\/\/www.oneiron.pl\/wp-content\/uploads\/2020\/09\/Q_-1-297x300.jpg 297w, https:\/\/www.oneiron.pl\/wp-content\/uploads\/2020\/09\/Q_-1-768x777.jpg 768w\" sizes=\"auto, (max-width: 795px) 100vw, 795px\" \/><\/figure><\/li><li class=\"blocks-gallery-item\"><figure><img loading=\"lazy\" decoding=\"async\" width=\"803\" height=\"803\" src=\"http:\/\/www.oneiron.org\/wp-content\/uploads\/2020\/09\/R_-1.jpg\" alt=\"\" data-id=\"199\" data-full-url=\"http:\/\/www.oneiron.org\/wp-content\/uploads\/2020\/09\/R_-1.jpg\" data-link=\"http:\/\/www.oneiron.org\/index.php\/o-czarnych-kartach\/r_-1\/\" class=\"wp-image-199\" srcset=\"https:\/\/www.oneiron.pl\/wp-content\/uploads\/2020\/09\/R_-1.jpg 803w, https:\/\/www.oneiron.pl\/wp-content\/uploads\/2020\/09\/R_-1-300x300.jpg 300w, https:\/\/www.oneiron.pl\/wp-content\/uploads\/2020\/09\/R_-1-150x150.jpg 150w, https:\/\/www.oneiron.pl\/wp-content\/uploads\/2020\/09\/R_-1-768x768.jpg 768w\" sizes=\"auto, (max-width: 803px) 100vw, 803px\" \/><\/figure><\/li><li class=\"blocks-gallery-item\"><figure><img loading=\"lazy\" decoding=\"async\" width=\"806\" height=\"786\" src=\"http:\/\/www.oneiron.org\/wp-content\/uploads\/2020\/09\/S_-2.jpg\" alt=\"\" data-id=\"200\" data-full-url=\"http:\/\/www.oneiron.org\/wp-content\/uploads\/2020\/09\/S_-2.jpg\" data-link=\"http:\/\/www.oneiron.org\/index.php\/o-czarnych-kartach\/s_-2\/\" class=\"wp-image-200\" srcset=\"https:\/\/www.oneiron.pl\/wp-content\/uploads\/2020\/09\/S_-2.jpg 806w, https:\/\/www.oneiron.pl\/wp-content\/uploads\/2020\/09\/S_-2-300x293.jpg 300w, https:\/\/www.oneiron.pl\/wp-content\/uploads\/2020\/09\/S_-2-768x749.jpg 768w\" sizes=\"auto, (max-width: 806px) 100vw, 806px\" \/><\/figure><\/li><li class=\"blocks-gallery-item\"><figure><img loading=\"lazy\" decoding=\"async\" width=\"809\" height=\"785\" src=\"http:\/\/www.oneiron.org\/wp-content\/uploads\/2020\/09\/S_-3.jpg\" alt=\"\" data-id=\"201\" data-full-url=\"http:\/\/www.oneiron.org\/wp-content\/uploads\/2020\/09\/S_-3.jpg\" data-link=\"http:\/\/www.oneiron.org\/index.php\/o-czarnych-kartach\/s_-3\/\" class=\"wp-image-201\" srcset=\"https:\/\/www.oneiron.pl\/wp-content\/uploads\/2020\/09\/S_-3.jpg 809w, https:\/\/www.oneiron.pl\/wp-content\/uploads\/2020\/09\/S_-3-300x291.jpg 300w, https:\/\/www.oneiron.pl\/wp-content\/uploads\/2020\/09\/S_-3-768x745.jpg 768w\" sizes=\"auto, (max-width: 809px) 100vw, 809px\" \/><\/figure><\/li><li class=\"blocks-gallery-item\"><figure><img loading=\"lazy\" decoding=\"async\" width=\"805\" height=\"797\" src=\"http:\/\/www.oneiron.org\/wp-content\/uploads\/2020\/09\/U_-1.jpg\" alt=\"\" data-id=\"202\" data-full-url=\"http:\/\/www.oneiron.org\/wp-content\/uploads\/2020\/09\/U_-1.jpg\" data-link=\"http:\/\/www.oneiron.org\/index.php\/o-czarnych-kartach\/u_-1\/\" class=\"wp-image-202\" srcset=\"https:\/\/www.oneiron.pl\/wp-content\/uploads\/2020\/09\/U_-1.jpg 805w, https:\/\/www.oneiron.pl\/wp-content\/uploads\/2020\/09\/U_-1-300x297.jpg 300w, https:\/\/www.oneiron.pl\/wp-content\/uploads\/2020\/09\/U_-1-150x150.jpg 150w, https:\/\/www.oneiron.pl\/wp-content\/uploads\/2020\/09\/U_-1-768x760.jpg 768w\" sizes=\"auto, (max-width: 805px) 100vw, 805px\" \/><\/figure><\/li><li class=\"blocks-gallery-item\"><figure><img loading=\"lazy\" decoding=\"async\" width=\"800\" height=\"813\" src=\"http:\/\/www.oneiron.org\/wp-content\/uploads\/2020\/09\/V_-1.jpg\" alt=\"\" data-id=\"203\" data-full-url=\"http:\/\/www.oneiron.org\/wp-content\/uploads\/2020\/09\/V_-1.jpg\" data-link=\"http:\/\/www.oneiron.org\/index.php\/o-czarnych-kartach\/v_-1\/\" class=\"wp-image-203\" srcset=\"https:\/\/www.oneiron.pl\/wp-content\/uploads\/2020\/09\/V_-1.jpg 800w, https:\/\/www.oneiron.pl\/wp-content\/uploads\/2020\/09\/V_-1-295x300.jpg 295w, https:\/\/www.oneiron.pl\/wp-content\/uploads\/2020\/09\/V_-1-768x780.jpg 768w\" sizes=\"auto, (max-width: 800px) 100vw, 800px\" \/><\/figure><\/li><li class=\"blocks-gallery-item\"><figure><img loading=\"lazy\" decoding=\"async\" width=\"806\" height=\"781\" src=\"http:\/\/www.oneiron.org\/wp-content\/uploads\/2020\/09\/W_-1.jpg\" alt=\"\" data-id=\"204\" data-full-url=\"http:\/\/www.oneiron.org\/wp-content\/uploads\/2020\/09\/W_-1.jpg\" data-link=\"http:\/\/www.oneiron.org\/index.php\/o-czarnych-kartach\/w_-1\/\" class=\"wp-image-204\" srcset=\"https:\/\/www.oneiron.pl\/wp-content\/uploads\/2020\/09\/W_-1.jpg 806w, https:\/\/www.oneiron.pl\/wp-content\/uploads\/2020\/09\/W_-1-300x291.jpg 300w, https:\/\/www.oneiron.pl\/wp-content\/uploads\/2020\/09\/W_-1-768x744.jpg 768w\" sizes=\"auto, (max-width: 806px) 100vw, 806px\" \/><\/figure><\/li><li class=\"blocks-gallery-item\"><figure><img loading=\"lazy\" decoding=\"async\" width=\"798\" height=\"809\" src=\"http:\/\/www.oneiron.org\/wp-content\/uploads\/2020\/09\/X_-1.jpg\" alt=\"\" data-id=\"205\" data-full-url=\"http:\/\/www.oneiron.org\/wp-content\/uploads\/2020\/09\/X_-1.jpg\" data-link=\"http:\/\/www.oneiron.org\/index.php\/o-czarnych-kartach\/x_-1\/\" class=\"wp-image-205\" srcset=\"https:\/\/www.oneiron.pl\/wp-content\/uploads\/2020\/09\/X_-1.jpg 798w, https:\/\/www.oneiron.pl\/wp-content\/uploads\/2020\/09\/X_-1-296x300.jpg 296w, https:\/\/www.oneiron.pl\/wp-content\/uploads\/2020\/09\/X_-1-768x779.jpg 768w\" sizes=\"auto, (max-width: 798px) 100vw, 798px\" \/><\/figure><\/li><li class=\"blocks-gallery-item\"><figure><img loading=\"lazy\" decoding=\"async\" width=\"997\" height=\"1024\" src=\"http:\/\/www.oneiron.org\/wp-content\/uploads\/2020\/09\/Y-1-997x1024.jpg\" alt=\"\" data-id=\"206\" data-full-url=\"http:\/\/www.oneiron.org\/wp-content\/uploads\/2020\/09\/Y-1.jpg\" data-link=\"http:\/\/www.oneiron.org\/index.php\/o-czarnych-kartach\/y-1\/\" class=\"wp-image-206\" srcset=\"https:\/\/www.oneiron.pl\/wp-content\/uploads\/2020\/09\/Y-1-997x1024.jpg 997w, https:\/\/www.oneiron.pl\/wp-content\/uploads\/2020\/09\/Y-1-292x300.jpg 292w, https:\/\/www.oneiron.pl\/wp-content\/uploads\/2020\/09\/Y-1-768x789.jpg 768w, https:\/\/www.oneiron.pl\/wp-content\/uploads\/2020\/09\/Y-1-1496x1536.jpg 1496w, https:\/\/www.oneiron.pl\/wp-content\/uploads\/2020\/09\/Y-1-1995x2048.jpg 1995w\" sizes=\"auto, (max-width: 997px) 100vw, 997px\" \/><\/figure><\/li><li class=\"blocks-gallery-item\"><figure><img loading=\"lazy\" decoding=\"async\" width=\"804\" height=\"796\" src=\"http:\/\/www.oneiron.org\/wp-content\/uploads\/2020\/09\/Z_-1.jpg\" alt=\"\" data-id=\"207\" data-full-url=\"http:\/\/www.oneiron.org\/wp-content\/uploads\/2020\/09\/Z_-1.jpg\" data-link=\"http:\/\/www.oneiron.org\/index.php\/o-czarnych-kartach\/z_-1\/\" class=\"wp-image-207\" srcset=\"https:\/\/www.oneiron.pl\/wp-content\/uploads\/2020\/09\/Z_-1.jpg 804w, https:\/\/www.oneiron.pl\/wp-content\/uploads\/2020\/09\/Z_-1-300x297.jpg 300w, https:\/\/www.oneiron.pl\/wp-content\/uploads\/2020\/09\/Z_-1-150x150.jpg 150w, https:\/\/www.oneiron.pl\/wp-content\/uploads\/2020\/09\/Z_-1-768x760.jpg 768w\" sizes=\"auto, (max-width: 804px) 100vw, 804px\" \/><\/figure><\/li><li class=\"blocks-gallery-item\"><figure><img loading=\"lazy\" decoding=\"async\" width=\"1007\" height=\"1024\" src=\"http:\/\/www.oneiron.org\/wp-content\/uploads\/2020\/09\/Z-2-1007x1024.jpg\" alt=\"\" data-id=\"208\" data-full-url=\"http:\/\/www.oneiron.org\/wp-content\/uploads\/2020\/09\/Z-2.jpg\" data-link=\"http:\/\/www.oneiron.org\/index.php\/o-czarnych-kartach\/z-2\/\" class=\"wp-image-208\" srcset=\"https:\/\/www.oneiron.pl\/wp-content\/uploads\/2020\/09\/Z-2-1007x1024.jpg 1007w, https:\/\/www.oneiron.pl\/wp-content\/uploads\/2020\/09\/Z-2-295x300.jpg 295w, https:\/\/www.oneiron.pl\/wp-content\/uploads\/2020\/09\/Z-2-768x781.jpg 768w, https:\/\/www.oneiron.pl\/wp-content\/uploads\/2020\/09\/Z-2-1511x1536.jpg 1511w, https:\/\/www.oneiron.pl\/wp-content\/uploads\/2020\/09\/Z-2-2015x2048.jpg 2015w\" sizes=\"auto, (max-width: 1007px) 100vw, 1007px\" \/><\/figure><\/li><li class=\"blocks-gallery-item\"><figure><img loading=\"lazy\" decoding=\"async\" width=\"992\" height=\"1024\" src=\"http:\/\/www.oneiron.org\/wp-content\/uploads\/2020\/09\/Z-3-992x1024.jpg\" alt=\"\" data-id=\"209\" data-full-url=\"http:\/\/www.oneiron.org\/wp-content\/uploads\/2020\/09\/Z-3.jpg\" data-link=\"http:\/\/www.oneiron.org\/index.php\/o-czarnych-kartach\/z-3\/\" class=\"wp-image-209\" srcset=\"https:\/\/www.oneiron.pl\/wp-content\/uploads\/2020\/09\/Z-3-992x1024.jpg 992w, https:\/\/www.oneiron.pl\/wp-content\/uploads\/2020\/09\/Z-3-291x300.jpg 291w, https:\/\/www.oneiron.pl\/wp-content\/uploads\/2020\/09\/Z-3-768x793.jpg 768w, https:\/\/www.oneiron.pl\/wp-content\/uploads\/2020\/09\/Z-3-1487x1536.jpg 1487w, https:\/\/www.oneiron.pl\/wp-content\/uploads\/2020\/09\/Z-3-1983x2048.jpg 1983w\" sizes=\"auto, (max-width: 992px) 100vw, 992px\" \/><\/figure><\/li><\/ul><\/figure>\n","protected":false},"excerpt":{"rendered":"<p>CHAOS czyli Czarne Karty Tajna kronika grupy przyjaci\u00f3\u0142 zwanej p\u00f3\u017aniej Lig\u0105 Spostrze\u017ce\u0144 Duchowych lub Oneiron wymienia dat\u0119 23 grudnia 1967, jako dzie\u0144, w kt\u00f3rym postanowiono realizowa\u0107 wsp\u00f3lnie tw\u00f3r zwany pierw leksykonem, p\u00f3\u017aniej Nowym Bezpretensjonalnym Pismem \u015awi\u0119tym w Obrazach, a jeszcze p\u00f3\u017aniej Nowym Bezpretensjonalnym Chaosem w Obrazkach. Trudno m\u00f3wi\u0107 o celu przedsi\u0119wzi\u0119cia. By\u0107 mo\u017ce nie by\u0142o&#8230; <\/p>\n<div class=\"read-more navbutton\"><a href=\"https:\/\/www.oneiron.pl\/index.php\/o-czarnych-kartach\/\">Read More<i class=\"fa fa-angle-double-right\"><\/i><\/a><\/div>\n","protected":false},"author":4,"featured_media":0,"parent":0,"menu_order":3,"comment_status":"closed","ping_status":"closed","template":"","meta":{"footnotes":""},"class_list":["post-106","page","type-page","status-publish","hentry"],"_links":{"self":[{"href":"https:\/\/www.oneiron.pl\/index.php\/wp-json\/wp\/v2\/pages\/106","targetHints":{"allow":["GET"]}}],"collection":[{"href":"https:\/\/www.oneiron.pl\/index.php\/wp-json\/wp\/v2\/pages"}],"about":[{"href":"https:\/\/www.oneiron.pl\/index.php\/wp-json\/wp\/v2\/types\/page"}],"author":[{"embeddable":true,"href":"https:\/\/www.oneiron.pl\/index.php\/wp-json\/wp\/v2\/users\/4"}],"replies":[{"embeddable":true,"href":"https:\/\/www.oneiron.pl\/index.php\/wp-json\/wp\/v2\/comments?post=106"}],"version-history":[{"count":8,"href":"https:\/\/www.oneiron.pl\/index.php\/wp-json\/wp\/v2\/pages\/106\/revisions"}],"predecessor-version":[{"id":210,"href":"https:\/\/www.oneiron.pl\/index.php\/wp-json\/wp\/v2\/pages\/106\/revisions\/210"}],"wp:attachment":[{"href":"https:\/\/www.oneiron.pl\/index.php\/wp-json\/wp\/v2\/media?parent=106"}],"curies":[{"name":"wp","href":"https:\/\/api.w.org\/{rel}","templated":true}]}}